{"id":12,"date":"2019-05-09T21:08:57","date_gmt":"2019-05-09T21:08:57","guid":{"rendered":"https:\/\/blog.ex2.com\/?page_id=12"},"modified":"2025-04-09T11:40:42","modified_gmt":"2025-04-09T16:40:42","slug":"home-page","status":"publish","type":"page","link":"https:\/\/www.ex2.com\/tutoriels\/","title":{"rendered":"Tutoriels Ex2"},"content":{"rendered":"","protected":false},"excerpt":{"rendered":"","protected":false},"author":1,"featured_media":0,"parent":0,"menu_order":0,"comment_status":"closed","ping_status":"closed","template":"author.php","meta":{"footnotes":""},"class_list":["post-12","page","type-page","status-publish","hentry","entry"],"yoast_head":"<!-- This site is optimized with the Yoast SEO plugin v27.3 - https:\/\/yoast.com\/product\/yoast-seo-wordpress\/ -->\n<title>Tutoriels Ex2 - Ex2 - H\u00e9bergeur Web vert sp\u00e9cialis\u00e9 WordPress<\/title>\n<meta name=\"description\" content=\"D\u00e9couvrez les guides et tutoriels d&#039;Ex2 et tirez profit de connaissances essentielles pour am\u00e9liorer les performances et le r\u00e9f\u00e9rencement SEO.\" \/>\n<meta name=\"robots\" content=\"index, follow, max-snippet:-1, max-image-preview:large, max-video-preview:-1\" \/>\n<link rel=\"canonical\" href=\"https:\/\/www.ex2.com\/tutoriels\/\" \/>\n<meta property=\"og:locale\" content=\"fr_FR\" \/>\n<meta property=\"og:type\" content=\"article\" \/>\n<meta property=\"og:title\" content=\"Tutoriels Ex2 - Ex2 - H\u00e9bergeur Web vert sp\u00e9cialis\u00e9 WordPress\" \/>\n<meta property=\"og:description\" content=\"D\u00e9couvrez les guides et tutoriels d&#039;Ex2 et tirez profit de connaissances essentielles pour am\u00e9liorer les performances et le r\u00e9f\u00e9rencement SEO.\" \/>\n<meta property=\"og:url\" content=\"https:\/\/www.ex2.com\/tutoriels\/\" \/>\n<meta property=\"og:site_name\" content=\"Ex2 - H\u00e9bergeur Web vert sp\u00e9cialis\u00e9 WordPress\" \/>\n<meta property=\"article:modified_time\" content=\"2025-04-09T16:40:42+00:00\" \/>\n<meta name=\"twitter:card\" content=\"summary_large_image\" \/>\n<script type=\"application\/ld+json\" class=\"yoast-schema-graph\">{\"@context\":\"https:\\\/\\\/schema.org\",\"@graph\":[{\"@type\":[\"Article\",\"BlogPosting\"],\"@id\":\"https:\\\/\\\/www.ex2.com\\\/tutoriels\\\/#article\",\"isPartOf\":{\"@id\":\"https:\\\/\\\/www.ex2.com\\\/tutoriels\\\/\"},\"author\":{\"name\":\"Ben\",\"@id\":\"https:\\\/\\\/www.ex2.com\\\/tutoriels\\\/#\\\/schema\\\/person\\\/55a734f1b66953292c7a95421d35b232\"},\"headline\":\"Tutoriels Ex2\",\"datePublished\":\"2019-05-09T21:08:57+00:00\",\"dateModified\":\"2025-04-09T16:40:42+00:00\",\"mainEntityOfPage\":{\"@id\":\"https:\\\/\\\/www.ex2.com\\\/tutoriels\\\/\"},\"wordCount\":2,\"publisher\":{\"@id\":\"https:\\\/\\\/www.ex2.com\\\/tutoriels\\\/#organization\"},\"inLanguage\":\"fr-FR\"},{\"@type\":\"WebPage\",\"@id\":\"https:\\\/\\\/www.ex2.com\\\/tutoriels\\\/\",\"url\":\"https:\\\/\\\/www.ex2.com\\\/tutoriels\\\/\",\"name\":\"Tutoriels Ex2 - Ex2 - H\u00e9bergeur Web vert sp\u00e9cialis\u00e9 WordPress\",\"isPartOf\":{\"@id\":\"https:\\\/\\\/www.ex2.com\\\/tutoriels\\\/#website\"},\"datePublished\":\"2019-05-09T21:08:57+00:00\",\"dateModified\":\"2025-04-09T16:40:42+00:00\",\"description\":\"D\u00e9couvrez les guides et tutoriels d'Ex2 et tirez profit de connaissances essentielles pour am\u00e9liorer les performances et le r\u00e9f\u00e9rencement SEO.\",\"breadcrumb\":{\"@id\":\"https:\\\/\\\/www.ex2.com\\\/tutoriels\\\/#breadcrumb\"},\"inLanguage\":\"fr-FR\",\"potentialAction\":[{\"@type\":\"ReadAction\",\"target\":[\"https:\\\/\\\/www.ex2.com\\\/tutoriels\\\/\"]}]},{\"@type\":\"BreadcrumbList\",\"@id\":\"https:\\\/\\\/www.ex2.com\\\/tutoriels\\\/#breadcrumb\",\"itemListElement\":[{\"@type\":\"ListItem\",\"position\":1,\"name\":\"Accueil\",\"item\":\"https:\\\/\\\/www.ex2.com\\\/tutoriels\\\/\"},{\"@type\":\"ListItem\",\"position\":2,\"name\":\"Tutoriels Ex2\"}]},{\"@type\":\"WebSite\",\"@id\":\"https:\\\/\\\/www.ex2.com\\\/tutoriels\\\/#website\",\"url\":\"https:\\\/\\\/www.ex2.com\\\/tutoriels\\\/\",\"name\":\"Ex2 - H\u00e9bergeur Web vert sp\u00e9cialis\u00e9 WordPress\",\"description\":\"Le blog de l&#039;h\u00e9bergeur web Ex2\",\"publisher\":{\"@id\":\"https:\\\/\\\/www.ex2.com\\\/tutoriels\\\/#organization\"},\"potentialAction\":[{\"@type\":\"SearchAction\",\"target\":{\"@type\":\"EntryPoint\",\"urlTemplate\":\"https:\\\/\\\/www.ex2.com\\\/tutoriels\\\/?s={search_term_string}\"},\"query-input\":{\"@type\":\"PropertyValueSpecification\",\"valueRequired\":true,\"valueName\":\"search_term_string\"}}],\"inLanguage\":\"fr-FR\"},{\"@type\":\"Organization\",\"@id\":\"https:\\\/\\\/www.ex2.com\\\/tutoriels\\\/#organization\",\"name\":\"Ex2 - H\u00e9bergeur Web vert sp\u00e9cialis\u00e9 WordPress\",\"url\":\"https:\\\/\\\/www.ex2.com\\\/tutoriels\\\/\",\"logo\":{\"@type\":\"ImageObject\",\"inLanguage\":\"fr-FR\",\"@id\":\"https:\\\/\\\/www.ex2.com\\\/tutoriels\\\/#\\\/schema\\\/logo\\\/image\\\/\",\"url\":\"https:\\\/\\\/www.ex2.com\\\/tutoriels\\\/wp-content\\\/uploads\\\/2022\\\/08\\\/logo-green.png\",\"contentUrl\":\"https:\\\/\\\/www.ex2.com\\\/tutoriels\\\/wp-content\\\/uploads\\\/2022\\\/08\\\/logo-green.png\",\"width\":1027,\"height\":246,\"caption\":\"Ex2 - H\u00e9bergeur Web vert sp\u00e9cialis\u00e9 WordPress\"},\"image\":{\"@id\":\"https:\\\/\\\/www.ex2.com\\\/tutoriels\\\/#\\\/schema\\\/logo\\\/image\\\/\"}},{\"@type\":\"Person\",\"@id\":\"https:\\\/\\\/www.ex2.com\\\/tutoriels\\\/#\\\/schema\\\/person\\\/55a734f1b66953292c7a95421d35b232\",\"name\":\"Ben\",\"image\":{\"@type\":\"ImageObject\",\"inLanguage\":\"fr-FR\",\"@id\":\"https:\\\/\\\/www.ex2.com\\\/tutoriels\\\/wp-content\\\/uploads\\\/2025\\\/10\\\/ben.webp\",\"url\":\"https:\\\/\\\/www.ex2.com\\\/tutoriels\\\/wp-content\\\/uploads\\\/2025\\\/10\\\/ben.webp\",\"contentUrl\":\"https:\\\/\\\/www.ex2.com\\\/tutoriels\\\/wp-content\\\/uploads\\\/2025\\\/10\\\/ben.webp\",\"caption\":\"Ben\"}}]}<\/script>\n<!-- \/ Yoast SEO plugin. -->","yoast_head_json":{"title":"Tutoriels Ex2 - Ex2 - H\u00e9bergeur Web vert sp\u00e9cialis\u00e9 WordPress","description":"D\u00e9couvrez les guides et tutoriels d'Ex2 et tirez profit de connaissances essentielles pour am\u00e9liorer les performances et le r\u00e9f\u00e9rencement SEO.","robots":{"index":"index","follow":"follow","max-snippet":"max-snippet:-1","max-image-preview":"max-image-preview:large","max-video-preview":"max-video-preview:-1"},"canonical":"https:\/\/www.ex2.com\/tutoriels\/","og_locale":"fr_FR","og_type":"article","og_title":"Tutoriels Ex2 - Ex2 - H\u00e9bergeur Web vert sp\u00e9cialis\u00e9 WordPress","og_description":"D\u00e9couvrez les guides et tutoriels d'Ex2 et tirez profit de connaissances essentielles pour am\u00e9liorer les performances et le r\u00e9f\u00e9rencement SEO.","og_url":"https:\/\/www.ex2.com\/tutoriels\/","og_site_name":"Ex2 - H\u00e9bergeur Web vert sp\u00e9cialis\u00e9 WordPress","article_modified_time":"2025-04-09T16:40:42+00:00","twitter_card":"summary_large_image","schema":{"@context":"https:\/\/schema.org","@graph":[{"@type":["Article","BlogPosting"],"@id":"https:\/\/www.ex2.com\/tutoriels\/#article","isPartOf":{"@id":"https:\/\/www.ex2.com\/tutoriels\/"},"author":{"name":"Ben","@id":"https:\/\/www.ex2.com\/tutoriels\/#\/schema\/person\/55a734f1b66953292c7a95421d35b232"},"headline":"Tutoriels Ex2","datePublished":"2019-05-09T21:08:57+00:00","dateModified":"2025-04-09T16:40:42+00:00","mainEntityOfPage":{"@id":"https:\/\/www.ex2.com\/tutoriels\/"},"wordCount":2,"publisher":{"@id":"https:\/\/www.ex2.com\/tutoriels\/#organization"},"inLanguage":"fr-FR"},{"@type":"WebPage","@id":"https:\/\/www.ex2.com\/tutoriels\/","url":"https:\/\/www.ex2.com\/tutoriels\/","name":"Tutoriels Ex2 - Ex2 - H\u00e9bergeur Web vert sp\u00e9cialis\u00e9 WordPress","isPartOf":{"@id":"https:\/\/www.ex2.com\/tutoriels\/#website"},"datePublished":"2019-05-09T21:08:57+00:00","dateModified":"2025-04-09T16:40:42+00:00","description":"D\u00e9couvrez les guides et tutoriels d'Ex2 et tirez profit de connaissances essentielles pour am\u00e9liorer les performances et le r\u00e9f\u00e9rencement SEO.","breadcrumb":{"@id":"https:\/\/www.ex2.com\/tutoriels\/#breadcrumb"},"inLanguage":"fr-FR","potentialAction":[{"@type":"ReadAction","target":["https:\/\/www.ex2.com\/tutoriels\/"]}]},{"@type":"BreadcrumbList","@id":"https:\/\/www.ex2.com\/tutoriels\/#breadcrumb","itemListElement":[{"@type":"ListItem","position":1,"name":"Accueil","item":"https:\/\/www.ex2.com\/tutoriels\/"},{"@type":"ListItem","position":2,"name":"Tutoriels Ex2"}]},{"@type":"WebSite","@id":"https:\/\/www.ex2.com\/tutoriels\/#website","url":"https:\/\/www.ex2.com\/tutoriels\/","name":"Ex2 - H\u00e9bergeur Web vert sp\u00e9cialis\u00e9 WordPress","description":"Le blog de l&#039;h\u00e9bergeur web Ex2","publisher":{"@id":"https:\/\/www.ex2.com\/tutoriels\/#organization"},"potentialAction":[{"@type":"SearchAction","target":{"@type":"EntryPoint","urlTemplate":"https:\/\/www.ex2.com\/tutoriels\/?s={search_term_string}"},"query-input":{"@type":"PropertyValueSpecification","valueRequired":true,"valueName":"search_term_string"}}],"inLanguage":"fr-FR"},{"@type":"Organization","@id":"https:\/\/www.ex2.com\/tutoriels\/#organization","name":"Ex2 - H\u00e9bergeur Web vert sp\u00e9cialis\u00e9 WordPress","url":"https:\/\/www.ex2.com\/tutoriels\/","logo":{"@type":"ImageObject","inLanguage":"fr-FR","@id":"https:\/\/www.ex2.com\/tutoriels\/#\/schema\/logo\/image\/","url":"https:\/\/www.ex2.com\/tutoriels\/wp-content\/uploads\/2022\/08\/logo-green.png","contentUrl":"https:\/\/www.ex2.com\/tutoriels\/wp-content\/uploads\/2022\/08\/logo-green.png","width":1027,"height":246,"caption":"Ex2 - H\u00e9bergeur Web vert sp\u00e9cialis\u00e9 WordPress"},"image":{"@id":"https:\/\/www.ex2.com\/tutoriels\/#\/schema\/logo\/image\/"}},{"@type":"Person","@id":"https:\/\/www.ex2.com\/tutoriels\/#\/schema\/person\/55a734f1b66953292c7a95421d35b232","name":"Ben","image":{"@type":"ImageObject","inLanguage":"fr-FR","@id":"https:\/\/www.ex2.com\/tutoriels\/wp-content\/uploads\/2025\/10\/ben.webp","url":"https:\/\/www.ex2.com\/tutoriels\/wp-content\/uploads\/2025\/10\/ben.webp","contentUrl":"https:\/\/www.ex2.com\/tutoriels\/wp-content\/uploads\/2025\/10\/ben.webp","caption":"Ben"}}]}},"_links":{"self":[{"href":"https:\/\/www.ex2.com\/tutoriels\/wp-json\/wp\/v2\/pages\/12","targetHints":{"allow":["GET"]}}],"collection":[{"href":"https:\/\/www.ex2.com\/tutoriels\/wp-json\/wp\/v2\/pages"}],"about":[{"href":"https:\/\/www.ex2.com\/tutoriels\/wp-json\/wp\/v2\/types\/page"}],"author":[{"embeddable":true,"href":"https:\/\/www.ex2.com\/tutoriels\/wp-json\/wp\/v2\/users\/1"}],"replies":[{"embeddable":true,"href":"https:\/\/www.ex2.com\/tutoriels\/wp-json\/wp\/v2\/comments?post=12"}],"version-history":[{"count":2,"href":"https:\/\/www.ex2.com\/tutoriels\/wp-json\/wp\/v2\/pages\/12\/revisions"}],"predecessor-version":[{"id":7628,"href":"https:\/\/www.ex2.com\/tutoriels\/wp-json\/wp\/v2\/pages\/12\/revisions\/7628"}],"wp:attachment":[{"href":"https:\/\/www.ex2.com\/tutoriels\/wp-json\/wp\/v2\/media?parent=12"}],"curies":[{"name":"wp","href":"https:\/\/api.w.org\/{rel}","templated":true}]}}